{"id":441,"date":"2024-08-29T12:29:48","date_gmt":"2024-08-29T12:29:48","guid":{"rendered":"https:\/\/aguaarroyoazul.com\/?page_id=441"},"modified":"2025-01-28T10:46:34","modified_gmt":"2025-01-28T10:46:34","slug":"careers","status":"publish","type":"page","link":"https:\/\/aguaarroyoazul.com\/en\/careers\/","title":{"rendered":"Careers"},"content":{"rendered":"<div data-elementor-type=\"wp-page\" data-elementor-id=\"441\" class=\"elementor elementor-441\">\n\t\t\t\t<div class=\"elementor-element elementor-element-b8b0604 e-flex e-con-boxed e-con e-parent\" data-id=\"b8b0604\" data-element_type=\"container\" data-e-type=\"container\" data-settings=\"{&quot;background_background&quot;:&quot;classic&quot;}\">\n\t\t\t\t\t<div class=\"e-con-inner\">\n\t\t<div class=\"elementor-element elementor-element-d3fff1f e-con-full e-flex e-con e-child\" data-id=\"d3fff1f\" data-element_type=\"container\" data-e-type=\"container\">\n\t\t\t\t<div class=\"elementor-element elementor-element-b22bd9b elementor-invisible elementor-widget elementor-widget-heading\" data-id=\"b22bd9b\" data-element_type=\"widget\" data-e-type=\"widget\" data-settings=\"{&quot;_animation&quot;:&quot;fadeIn&quot;,&quot;_animation_delay&quot;:&quot;200&quot;}\" data-widget_type=\"heading.default\">\n\t\t\t\t<div class=\"elementor-widget-container\">\n\t\t\t\t\t<h1 class=\"elementor-heading-title elementor-size-default\">Careers<\/h1>\t\t\t\t<\/div>\n\t\t\t\t<\/div>\n\t\t\t\t<\/div>\n\t\t<div class=\"elementor-element elementor-element-b6fe5ba e-con-full e-flex e-con e-child\" data-id=\"b6fe5ba\" data-element_type=\"container\" data-e-type=\"container\">\n\t\t\t\t<\/div>\n\t\t\t\t\t<\/div>\n\t\t\t\t<\/div>\n\t\t<div class=\"elementor-element elementor-element-0b78af0 e-flex e-con-boxed e-con e-parent\" data-id=\"0b78af0\" data-element_type=\"container\" data-e-type=\"container\" data-settings=\"{&quot;background_background&quot;:&quot;classic&quot;}\">\n\t\t\t\t\t<div class=\"e-con-inner\">\n\t\t<div class=\"elementor-element elementor-element-ee521d4 e-con-full e-flex elementor-invisible e-con e-child\" data-id=\"ee521d4\" data-element_type=\"container\" data-e-type=\"container\" data-settings=\"{&quot;background_background&quot;:&quot;classic&quot;,&quot;animation&quot;:&quot;fadeIn&quot;,&quot;animation_delay&quot;:&quot;400&quot;}\">\n\t\t\t\t<div class=\"elementor-element elementor-element-40a1398 elementor-widget elementor-widget-heading\" data-id=\"40a1398\" data-element_type=\"widget\" data-e-type=\"widget\" data-widget_type=\"heading.default\">\n\t\t\t\t<div class=\"elementor-widget-container\">\n\t\t\t\t\t<h4 class=\"elementor-heading-title elementor-size-default\">Account Manager\n<\/h4>\t\t\t\t<\/div>\n\t\t\t\t<\/div>\n\t\t\t\t<div class=\"elementor-element elementor-element-09a63ac elementor-widget elementor-widget-text-editor\" data-id=\"09a63ac\" data-element_type=\"widget\" data-e-type=\"widget\" data-widget_type=\"text-editor.default\">\n\t\t\t\t<div class=\"elementor-widget-container\">\n\t\t\t\t\t\t\t\t\t<p><strong>Position Title:<\/strong>\u00a0Account Manager<br \/><strong>Location:<\/strong>\u00a0La Vega, Dominican Republic<br \/><strong>Company:<\/strong>\u00a0Agua Arroyo Azul<br \/><strong>Employment Type:<\/strong>\u00a0Full-Time<br \/><strong>Languages:<\/strong>\u00a0Bilingual (English &amp; Spanish) preferred, Spanish mandatory<\/p>\t\t\t\t\t\t\t\t<\/div>\n\t\t\t\t<\/div>\n\t\t\t\t<div class=\"elementor-element elementor-element-fd9d356 elementor-mobile-align-left elementor-widget elementor-widget-button\" data-id=\"fd9d356\" data-element_type=\"widget\" data-e-type=\"widget\" data-widget_type=\"button.default\">\n\t\t\t\t<div class=\"elementor-widget-container\">\n\t\t\t\t\t\t\t\t\t<div class=\"elementor-button-wrapper\">\n\t\t\t\t\t<a class=\"elementor-button elementor-button-link elementor-size-sm elementor-animation-shrink\" href=\"https:\/\/aguaarroyoazul.com\/en\/jobs\/gerente-de-cuentas-account-manager\/\">\n\t\t\t\t\t\t<span class=\"elementor-button-content-wrapper\">\n\t\t\t\t\t\t\t\t\t<span class=\"elementor-button-text\">APPLY<\/span>\n\t\t\t\t\t<\/span>\n\t\t\t\t\t<\/a>\n\t\t\t\t<\/div>\n\t\t\t\t\t\t\t\t<\/div>\n\t\t\t\t<\/div>\n\t\t\t\t<\/div>\n\t\t\t\t\t<\/div>\n\t\t\t\t<\/div>\n\t\t\t\t<\/div>","protected":false},"excerpt":{"rendered":"<p>Carrera Gerente de Cuentas T\u00edtulo del Puesto:\u00a0Gerente de CuentasUbicaci\u00f3n:\u00a0La Vega, Rep\u00fablica DominicanaEmpresa:\u00a0Agua Arroyo AzulTipo de Empleo:\u00a0Tiempo CompletoIdiomas:\u00a0Biling\u00fce (Ingl\u00e9s y Espa\u00f1ol) preferido, Espa\u00f1ol obligatorio APPLY<\/p>","protected":false},"author":1,"featured_media":0,"parent":0,"menu_order":0,"comment_status":"closed","ping_status":"closed","template":"","meta":{"_acf_changed":false,"footnotes":""},"class_list":["post-441","page","type-page","status-publish","hentry"],"acf":[],"yoast_head":"<!-- This site is optimized with the Yoast SEO plugin v27.1.1 - https:\/\/yoast.com\/product\/yoast-seo-wordpress\/ -->\n<title>Careers - Arroyo Azul<\/title>\n<meta name=\"robots\" content=\"index, follow, max-snippet:-1, max-image-preview:large, max-video-preview:-1\" \/>\n<link rel=\"canonical\" href=\"https:\/\/aguaarroyoazul.com\/en\/careers\/\" \/>\n<meta property=\"og:locale\" content=\"en_US\" \/>\n<meta property=\"og:type\" content=\"article\" \/>\n<meta property=\"og:title\" content=\"Careers - Arroyo Azul\" \/>\n<meta property=\"og:description\" content=\"Carrera Gerente de Cuentas T\u00edtulo del Puesto:\u00a0Gerente de CuentasUbicaci\u00f3n:\u00a0La Vega, Rep\u00fablica DominicanaEmpresa:\u00a0Agua Arroyo AzulTipo de Empleo:\u00a0Tiempo CompletoIdiomas:\u00a0Biling\u00fce (Ingl\u00e9s y Espa\u00f1ol) preferido, Espa\u00f1ol obligatorio APPLY\" \/>\n<meta property=\"og:url\" content=\"https:\/\/aguaarroyoazul.com\/en\/careers\/\" \/>\n<meta property=\"og:site_name\" content=\"Arroyo Azul\" \/>\n<meta property=\"article:modified_time\" content=\"2025-01-28T10:46:34+00:00\" \/>\n<meta name=\"twitter:card\" content=\"summary_large_image\" \/>\n<script type=\"application\/ld+json\" class=\"yoast-schema-graph\">{\"@context\":\"https:\/\/schema.org\",\"@graph\":[{\"@type\":\"WebPage\",\"@id\":\"https:\/\/aguaarroyoazul.com\/careers\/\",\"url\":\"https:\/\/aguaarroyoazul.com\/careers\/\",\"name\":\"Careers - Arroyo Azul\",\"isPartOf\":{\"@id\":\"https:\/\/aguaarroyoazul.com\/en\/#website\"},\"datePublished\":\"2024-08-29T12:29:48+00:00\",\"dateModified\":\"2025-01-28T10:46:34+00:00\",\"breadcrumb\":{\"@id\":\"https:\/\/aguaarroyoazul.com\/careers\/#breadcrumb\"},\"inLanguage\":\"en-US\",\"potentialAction\":[{\"@type\":\"ReadAction\",\"target\":[\"https:\/\/aguaarroyoazul.com\/careers\/\"]}]},{\"@type\":\"BreadcrumbList\",\"@id\":\"https:\/\/aguaarroyoazul.com\/careers\/#breadcrumb\",\"itemListElement\":[{\"@type\":\"ListItem\",\"position\":1,\"name\":\"Home\",\"item\":\"https:\/\/aguaarroyoazul.com\/en\/\"},{\"@type\":\"ListItem\",\"position\":2,\"name\":\"Careers\"}]},{\"@type\":\"WebSite\",\"@id\":\"https:\/\/aguaarroyoazul.com\/en\/#website\",\"url\":\"https:\/\/aguaarroyoazul.com\/en\/\",\"name\":\"Arroyo Azul\",\"description\":\"Arroyo Azul\",\"publisher\":{\"@id\":\"https:\/\/aguaarroyoazul.com\/en\/#organization\"},\"potentialAction\":[{\"@type\":\"SearchAction\",\"target\":{\"@type\":\"EntryPoint\",\"urlTemplate\":\"https:\/\/aguaarroyoazul.com\/en\/?s={search_term_string}\"},\"query-input\":{\"@type\":\"PropertyValueSpecification\",\"valueRequired\":true,\"valueName\":\"search_term_string\"}}],\"inLanguage\":\"en-US\"},{\"@type\":\"Organization\",\"@id\":\"https:\/\/aguaarroyoazul.com\/en\/#organization\",\"name\":\"Arroyo Azul\",\"url\":\"https:\/\/aguaarroyoazul.com\/en\/\",\"logo\":{\"@type\":\"ImageObject\",\"inLanguage\":\"en-US\",\"@id\":\"https:\/\/aguaarroyoazul.com\/en\/#\/schema\/logo\/image\/\",\"url\":\"https:\/\/aguaarroyoazul.com\/wp-content\/uploads\/2024\/08\/v2-AGUA-Arroyo-Azul-png.png\",\"contentUrl\":\"https:\/\/aguaarroyoazul.com\/wp-content\/uploads\/2024\/08\/v2-AGUA-Arroyo-Azul-png.png\",\"width\":350,\"height\":92,\"caption\":\"Arroyo Azul\"},\"image\":{\"@id\":\"https:\/\/aguaarroyoazul.com\/en\/#\/schema\/logo\/image\/\"}}]}<\/script>\n<!-- \/ Yoast SEO plugin. -->","yoast_head_json":{"title":"Careers - Arroyo Azul","robots":{"index":"index","follow":"follow","max-snippet":"max-snippet:-1","max-image-preview":"max-image-preview:large","max-video-preview":"max-video-preview:-1"},"canonical":"https:\/\/aguaarroyoazul.com\/en\/careers\/","og_locale":"en_US","og_type":"article","og_title":"Careers - Arroyo Azul","og_description":"Carrera Gerente de Cuentas T\u00edtulo del Puesto:\u00a0Gerente de CuentasUbicaci\u00f3n:\u00a0La Vega, Rep\u00fablica DominicanaEmpresa:\u00a0Agua Arroyo AzulTipo de Empleo:\u00a0Tiempo CompletoIdiomas:\u00a0Biling\u00fce (Ingl\u00e9s y Espa\u00f1ol) preferido, Espa\u00f1ol obligatorio APPLY","og_url":"https:\/\/aguaarroyoazul.com\/en\/careers\/","og_site_name":"Arroyo Azul","article_modified_time":"2025-01-28T10:46:34+00:00","twitter_card":"summary_large_image","schema":{"@context":"https:\/\/schema.org","@graph":[{"@type":"WebPage","@id":"https:\/\/aguaarroyoazul.com\/careers\/","url":"https:\/\/aguaarroyoazul.com\/careers\/","name":"Careers - Arroyo Azul","isPartOf":{"@id":"https:\/\/aguaarroyoazul.com\/en\/#website"},"datePublished":"2024-08-29T12:29:48+00:00","dateModified":"2025-01-28T10:46:34+00:00","breadcrumb":{"@id":"https:\/\/aguaarroyoazul.com\/careers\/#breadcrumb"},"inLanguage":"en-US","potentialAction":[{"@type":"ReadAction","target":["https:\/\/aguaarroyoazul.com\/careers\/"]}]},{"@type":"BreadcrumbList","@id":"https:\/\/aguaarroyoazul.com\/careers\/#breadcrumb","itemListElement":[{"@type":"ListItem","position":1,"name":"Home","item":"https:\/\/aguaarroyoazul.com\/en\/"},{"@type":"ListItem","position":2,"name":"Careers"}]},{"@type":"WebSite","@id":"https:\/\/aguaarroyoazul.com\/en\/#website","url":"https:\/\/aguaarroyoazul.com\/en\/","name":"Arroyo Azul","description":"Arroyo Azul","publisher":{"@id":"https:\/\/aguaarroyoazul.com\/en\/#organization"},"potentialAction":[{"@type":"SearchAction","target":{"@type":"EntryPoint","urlTemplate":"https:\/\/aguaarroyoazul.com\/en\/?s={search_term_string}"},"query-input":{"@type":"PropertyValueSpecification","valueRequired":true,"valueName":"search_term_string"}}],"inLanguage":"en-US"},{"@type":"Organization","@id":"https:\/\/aguaarroyoazul.com\/en\/#organization","name":"Arroyo Azul","url":"https:\/\/aguaarroyoazul.com\/en\/","logo":{"@type":"ImageObject","inLanguage":"en-US","@id":"https:\/\/aguaarroyoazul.com\/en\/#\/schema\/logo\/image\/","url":"https:\/\/aguaarroyoazul.com\/wp-content\/uploads\/2024\/08\/v2-AGUA-Arroyo-Azul-png.png","contentUrl":"https:\/\/aguaarroyoazul.com\/wp-content\/uploads\/2024\/08\/v2-AGUA-Arroyo-Azul-png.png","width":350,"height":92,"caption":"Arroyo Azul"},"image":{"@id":"https:\/\/aguaarroyoazul.com\/en\/#\/schema\/logo\/image\/"}}]}},"_links":{"self":[{"href":"https:\/\/aguaarroyoazul.com\/en\/wp-json\/wp\/v2\/pages\/441","targetHints":{"allow":["GET"]}}],"collection":[{"href":"https:\/\/aguaarroyoazul.com\/en\/wp-json\/wp\/v2\/pages"}],"about":[{"href":"https:\/\/aguaarroyoazul.com\/en\/wp-json\/wp\/v2\/types\/page"}],"author":[{"embeddable":true,"href":"https:\/\/aguaarroyoazul.com\/en\/wp-json\/wp\/v2\/users\/1"}],"replies":[{"embeddable":true,"href":"https:\/\/aguaarroyoazul.com\/en\/wp-json\/wp\/v2\/comments?post=441"}],"version-history":[{"count":41,"href":"https:\/\/aguaarroyoazul.com\/en\/wp-json\/wp\/v2\/pages\/441\/revisions"}],"predecessor-version":[{"id":1426,"href":"https:\/\/aguaarroyoazul.com\/en\/wp-json\/wp\/v2\/pages\/441\/revisions\/1426"}],"wp:attachment":[{"href":"https:\/\/aguaarroyoazul.com\/en\/wp-json\/wp\/v2\/media?parent=441"}],"curies":[{"name":"wp","href":"https:\/\/api.w.org\/{rel}","templated":true}]}}