{"id":216,"date":"2024-08-26T08:14:15","date_gmt":"2024-08-26T08:14:15","guid":{"rendered":"https:\/\/aguaarroyoazul.com\/?page_id=216"},"modified":"2026-03-09T13:23:22","modified_gmt":"2026-03-09T13:23:22","slug":"about-us","status":"publish","type":"page","link":"https:\/\/aguaarroyoazul.com\/en\/about-us\/","title":{"rendered":"About Us"},"content":{"rendered":"<div data-elementor-type=\"wp-page\" data-elementor-id=\"216\" class=\"elementor elementor-216\">\n\t\t\t\t<div class=\"elementor-element elementor-element-e9b2bb4 e-flex e-con-boxed e-con e-parent\" data-id=\"e9b2bb4\" data-element_type=\"container\" data-e-type=\"container\" data-settings=\"{&quot;background_background&quot;:&quot;classic&quot;}\">\n\t\t\t\t\t<div class=\"e-con-inner\">\n\t\t<div class=\"elementor-element elementor-element-1fed615 e-con-full e-flex e-con e-child\" data-id=\"1fed615\" data-element_type=\"container\" data-e-type=\"container\">\n\t\t\t\t<div class=\"elementor-element elementor-element-1ae1d3d elementor-invisible elementor-widget elementor-widget-heading\" data-id=\"1ae1d3d\" data-element_type=\"widget\" data-e-type=\"widget\" data-settings=\"{&quot;_animation&quot;:&quot;fadeIn&quot;,&quot;_animation_delay&quot;:&quot;200&quot;}\" data-widget_type=\"heading.default\">\n\t\t\t\t<div class=\"elementor-widget-container\">\n\t\t\t\t\t<h1 class=\"elementor-heading-title elementor-size-default\">About Us<\/h1>\t\t\t\t<\/div>\n\t\t\t\t<\/div>\n\t\t\t\t<\/div>\n\t\t<div class=\"elementor-element elementor-element-39cad67 e-con-full e-flex e-con e-child\" data-id=\"39cad67\" data-element_type=\"container\" data-e-type=\"container\">\n\t\t\t\t<\/div>\n\t\t\t\t\t<\/div>\n\t\t\t\t<\/div>\n\t\t<div class=\"elementor-element elementor-element-da86032 e-flex e-con-boxed e-con e-parent\" data-id=\"da86032\" data-element_type=\"container\" data-e-type=\"container\" data-settings=\"{&quot;background_background&quot;:&quot;classic&quot;}\">\n\t\t\t\t\t<div class=\"e-con-inner\">\n\t\t<div class=\"elementor-element elementor-element-f50372b e-con-full e-flex elementor-invisible e-con e-child\" data-id=\"f50372b\" data-element_type=\"container\" data-e-type=\"container\" data-settings=\"{&quot;background_background&quot;:&quot;classic&quot;,&quot;animation&quot;:&quot;fadeIn&quot;,&quot;animation_delay&quot;:&quot;400&quot;}\">\n\t\t\t\t<div class=\"elementor-element elementor-element-1af6878 elementor-widget elementor-widget-image\" data-id=\"1af6878\" data-element_type=\"widget\" data-e-type=\"widget\" data-widget_type=\"image.default\">\n\t\t\t\t<div class=\"elementor-widget-container\">\n\t\t\t\t\t\t\t\t\t\t\t\t\t\t\t<img fetchpriority=\"high\" decoding=\"async\" width=\"800\" height=\"564\" src=\"https:\/\/aguaarroyoazul.com\/wp-content\/uploads\/2024\/08\/Mask-group-1-1.png\" class=\"attachment-large size-large wp-image-252\" alt=\"\" srcset=\"https:\/\/aguaarroyoazul.com\/wp-content\/uploads\/2024\/08\/Mask-group-1-1.png 849w, https:\/\/aguaarroyoazul.com\/wp-content\/uploads\/2024\/08\/Mask-group-1-1-600x423.png 600w, https:\/\/aguaarroyoazul.com\/wp-content\/uploads\/2024\/08\/Mask-group-1-1-300x212.png 300w, https:\/\/aguaarroyoazul.com\/wp-content\/uploads\/2024\/08\/Mask-group-1-1-768x542.png 768w, https:\/\/aguaarroyoazul.com\/wp-content\/uploads\/2024\/08\/Mask-group-1-1-18x12.png 18w\" sizes=\"(max-width: 800px) 100vw, 800px\" \/>\t\t\t\t\t\t\t\t\t\t\t\t\t\t\t<\/div>\n\t\t\t\t<\/div>\n\t\t\t\t<\/div>\n\t\t<div class=\"elementor-element elementor-element-5d30c4e e-con-full e-flex elementor-invisible e-con e-child\" data-id=\"5d30c4e\" data-element_type=\"container\" data-e-type=\"container\" data-settings=\"{&quot;background_background&quot;:&quot;classic&quot;,&quot;animation&quot;:&quot;fadeIn&quot;,&quot;animation_delay&quot;:&quot;200&quot;}\">\n\t\t\t\t<div class=\"elementor-element elementor-element-511d531 elementor-widget elementor-widget-image\" data-id=\"511d531\" data-element_type=\"widget\" data-e-type=\"widget\" data-widget_type=\"image.default\">\n\t\t\t\t<div class=\"elementor-widget-container\">\n\t\t\t\t\t\t\t\t\t\t\t\t\t\t\t<img decoding=\"async\" width=\"605\" height=\"599\" src=\"https:\/\/aguaarroyoazul.com\/wp-content\/uploads\/2024\/08\/Mask-group-2-1.png\" class=\"attachment-full size-full wp-image-253\" alt=\"\" srcset=\"https:\/\/aguaarroyoazul.com\/wp-content\/uploads\/2024\/08\/Mask-group-2-1.png 605w, https:\/\/aguaarroyoazul.com\/wp-content\/uploads\/2024\/08\/Mask-group-2-1-100x100.png 100w, https:\/\/aguaarroyoazul.com\/wp-content\/uploads\/2024\/08\/Mask-group-2-1-600x594.png 600w, https:\/\/aguaarroyoazul.com\/wp-content\/uploads\/2024\/08\/Mask-group-2-1-300x297.png 300w, https:\/\/aguaarroyoazul.com\/wp-content\/uploads\/2024\/08\/Mask-group-2-1-150x150.png 150w, https:\/\/aguaarroyoazul.com\/wp-content\/uploads\/2024\/08\/Mask-group-2-1-12x12.png 12w\" sizes=\"(max-width: 605px) 100vw, 605px\" \/>\t\t\t\t\t\t\t\t\t\t\t\t\t\t\t<\/div>\n\t\t\t\t<\/div>\n\t\t\t\t<\/div>\n\t\t\t\t\t<\/div>\n\t\t\t\t<\/div>\n\t\t<div class=\"elementor-element elementor-element-a4a1743 e-flex e-con-boxed e-con e-parent\" data-id=\"a4a1743\" data-element_type=\"container\" data-e-type=\"container\" data-settings=\"{&quot;background_background&quot;:&quot;classic&quot;}\">\n\t\t\t\t\t<div class=\"e-con-inner\">\n\t\t<div class=\"elementor-element elementor-element-6f20bdb e-con-full e-flex e-con e-child\" data-id=\"6f20bdb\" data-element_type=\"container\" data-e-type=\"container\">\n\t\t<div class=\"elementor-element elementor-element-3d4c753 e-con-full e-flex e-con e-child\" data-id=\"3d4c753\" data-element_type=\"container\" data-e-type=\"container\">\n\t\t<div class=\"elementor-element elementor-element-339132c e-con-full e-flex elementor-invisible e-con e-child\" data-id=\"339132c\" data-element_type=\"container\" data-e-type=\"container\" data-settings=\"{&quot;animation&quot;:&quot;fadeIn&quot;,&quot;animation_delay&quot;:&quot;400&quot;,&quot;background_background&quot;:&quot;classic&quot;}\">\n\t\t\t\t<div class=\"elementor-element elementor-element-c71580c elementor-widget elementor-widget-heading\" data-id=\"c71580c\" data-element_type=\"widget\" data-e-type=\"widget\" data-widget_type=\"heading.default\">\n\t\t\t\t<div class=\"elementor-widget-container\">\n\t\t\t\t\t<p class=\"elementor-heading-title elementor-size-default\">Agua Arroyo Azul, a proud branch of the Laguna Azul S.R.L. group, is a company built on a foundation of quality, trust, and innovation. While our journey began over 20 years ago in the compressed gases industry, we have since expanded our vision to meet the growing demand for pure, accessible drinking water. Today, we are proud to be one of the leading providers of premium bottled water in the Dominican Republic.\n<\/p>\t\t\t\t<\/div>\n\t\t\t\t<\/div>\n\t\t\t\t<div class=\"elementor-element elementor-element-534966e elementor-widget elementor-widget-heading\" data-id=\"534966e\" data-element_type=\"widget\" data-e-type=\"widget\" data-widget_type=\"heading.default\">\n\t\t\t\t<div class=\"elementor-widget-container\">\n\t\t\t\t\t<p class=\"elementor-heading-title elementor-size-default\">Our rapid growth in the bottled water industry is a testament to our commitment to excellence. Each day, we deliver thousands of 5-gallon bottles of crystal-clear, refreshing Agua Arroyo Azul to homes, businesses, and industries across the country. Our state-of-the-art filtration and bottling processes ensure that every bottle meets the highest standards of purity and taste, providing a reliable source of hydration that our customers can depend on.\n<\/p>\t\t\t\t<\/div>\n\t\t\t\t<\/div>\n\t\t\t\t<\/div>\n\t\t\t\t<\/div>\n\t\t\t\t<\/div>\n\t\t\t\t\t<\/div>\n\t\t\t\t<\/div>\n\t\t<div class=\"elementor-element elementor-element-09dbcfa e-flex e-con-boxed e-con e-parent\" data-id=\"09dbcfa\" data-element_type=\"container\" data-e-type=\"container\" data-settings=\"{&quot;background_background&quot;:&quot;classic&quot;}\">\n\t\t\t\t\t<div class=\"e-con-inner\">\n\t\t<div class=\"elementor-element elementor-element-df518ed e-con-full e-flex elementor-invisible e-con e-child\" data-id=\"df518ed\" data-element_type=\"container\" data-e-type=\"container\" data-settings=\"{&quot;background_background&quot;:&quot;classic&quot;,&quot;animation&quot;:&quot;fadeIn&quot;,&quot;animation_delay&quot;:&quot;200&quot;}\">\n\t\t\t\t<div class=\"elementor-element elementor-element-daad276 elementor-widget elementor-widget-image\" data-id=\"daad276\" data-element_type=\"widget\" data-e-type=\"widget\" data-widget_type=\"image.default\">\n\t\t\t\t<div class=\"elementor-widget-container\">\n\t\t\t\t\t\t\t\t\t\t\t\t\t\t\t<img decoding=\"async\" width=\"605\" height=\"599\" src=\"https:\/\/aguaarroyoazul.com\/wp-content\/uploads\/2024\/08\/6-1.png\" class=\"attachment-full size-full wp-image-220\" alt=\"\" srcset=\"https:\/\/aguaarroyoazul.com\/wp-content\/uploads\/2024\/08\/6-1.png 605w, https:\/\/aguaarroyoazul.com\/wp-content\/uploads\/2024\/08\/6-1-100x100.png 100w, https:\/\/aguaarroyoazul.com\/wp-content\/uploads\/2024\/08\/6-1-600x594.png 600w, https:\/\/aguaarroyoazul.com\/wp-content\/uploads\/2024\/08\/6-1-300x297.png 300w, https:\/\/aguaarroyoazul.com\/wp-content\/uploads\/2024\/08\/6-1-150x150.png 150w, https:\/\/aguaarroyoazul.com\/wp-content\/uploads\/2024\/08\/6-1-12x12.png 12w\" sizes=\"(max-width: 605px) 100vw, 605px\" \/>\t\t\t\t\t\t\t\t\t\t\t\t\t\t\t<\/div>\n\t\t\t\t<\/div>\n\t\t\t\t<\/div>\n\t\t<div class=\"elementor-element elementor-element-04170f9 e-con-full e-flex elementor-invisible e-con e-child\" data-id=\"04170f9\" data-element_type=\"container\" data-e-type=\"container\" data-settings=\"{&quot;background_background&quot;:&quot;classic&quot;,&quot;animation&quot;:&quot;fadeIn&quot;,&quot;animation_delay&quot;:&quot;400&quot;}\">\n\t\t\t\t<div class=\"elementor-element elementor-element-b20dbf7 elementor-widget elementor-widget-image\" data-id=\"b20dbf7\" data-element_type=\"widget\" data-e-type=\"widget\" data-widget_type=\"image.default\">\n\t\t\t\t<div class=\"elementor-widget-container\">\n\t\t\t\t\t\t\t\t\t\t\t\t\t\t\t<img loading=\"lazy\" decoding=\"async\" width=\"800\" height=\"504\" src=\"https:\/\/aguaarroyoazul.com\/wp-content\/uploads\/2024\/08\/Mask-group-2.png\" class=\"attachment-large size-large wp-image-200\" alt=\"\" srcset=\"https:\/\/aguaarroyoazul.com\/wp-content\/uploads\/2024\/08\/Mask-group-2.png 977w, https:\/\/aguaarroyoazul.com\/wp-content\/uploads\/2024\/08\/Mask-group-2-600x378.png 600w, https:\/\/aguaarroyoazul.com\/wp-content\/uploads\/2024\/08\/Mask-group-2-300x189.png 300w, https:\/\/aguaarroyoazul.com\/wp-content\/uploads\/2024\/08\/Mask-group-2-768x484.png 768w, https:\/\/aguaarroyoazul.com\/wp-content\/uploads\/2024\/08\/Mask-group-2-18x12.png 18w\" sizes=\"(max-width: 800px) 100vw, 800px\" \/>\t\t\t\t\t\t\t\t\t\t\t\t\t\t\t<\/div>\n\t\t\t\t<\/div>\n\t\t\t\t<\/div>\n\t\t\t\t\t<\/div>\n\t\t\t\t<\/div>\n\t\t<div class=\"elementor-element elementor-element-4bda6ca e-flex e-con-boxed e-con e-parent\" data-id=\"4bda6ca\" data-element_type=\"container\" data-e-type=\"container\" data-settings=\"{&quot;background_background&quot;:&quot;classic&quot;}\">\n\t\t\t\t\t<div class=\"e-con-inner\">\n\t\t<div class=\"elementor-element elementor-element-c292c71 e-con-full e-flex e-con e-child\" data-id=\"c292c71\" data-element_type=\"container\" data-e-type=\"container\">\n\t\t<div class=\"elementor-element elementor-element-57a729b e-con-full e-flex e-con e-child\" data-id=\"57a729b\" data-element_type=\"container\" data-e-type=\"container\">\n\t\t<div class=\"elementor-element elementor-element-5f98f9d e-con-full e-flex elementor-invisible e-con e-child\" data-id=\"5f98f9d\" data-element_type=\"container\" data-e-type=\"container\" data-settings=\"{&quot;animation&quot;:&quot;fadeIn&quot;,&quot;animation_delay&quot;:&quot;400&quot;,&quot;background_background&quot;:&quot;classic&quot;}\">\n\t\t\t\t<div class=\"elementor-element elementor-element-8095c23 elementor-widget elementor-widget-heading\" data-id=\"8095c23\" data-element_type=\"widget\" data-e-type=\"widget\" data-widget_type=\"heading.default\">\n\t\t\t\t<div class=\"elementor-widget-container\">\n\t\t\t\t\t<p class=\"elementor-heading-title elementor-size-default\">At Agua Arroyo Azul, we understand the importance of clean, safe water in everyday life. Whether you need water for your family, your employees, or your customers, you can trust us to deliver not just a product, but a promise of quality and service. As we continue to grow, our focus remains on bringing the best possible water to every community we serve, with the same dedication to quality that has defined the Laguna Azul S.R.L. group for over two decades.\n<\/p>\t\t\t\t<\/div>\n\t\t\t\t<\/div>\n\t\t\t\t<\/div>\n\t\t\t\t<\/div>\n\t\t\t\t<\/div>\n\t\t\t\t\t<\/div>\n\t\t\t\t<\/div>\n\t\t\t\t<\/div>","protected":false},"excerpt":{"rendered":"<p>Acerca de Nosotros Agua Arroyo Azul, una orgullosa rama del grupo Laguna Azul S.R.L., es una empresa construida sobre una base de calidad, confianza e innovaci\u00f3n. Aunque nuestro viaje comenz\u00f3 hace m\u00e1s de 20 a\u00f1os en la industria de los gases comprimidos, desde entonces hemos expandido nuestra visi\u00f3n para satisfacer la creciente demanda de agua [&hellip;]<\/p>\n","protected":false},"author":1,"featured_media":0,"parent":0,"menu_order":0,"comment_status":"closed","ping_status":"closed","template":"","meta":{"_acf_changed":false,"footnotes":""},"class_list":["post-216","page","type-page","status-publish","hentry"],"acf":[],"yoast_head":"<!-- This site is optimized with the Yoast SEO plugin v27.1.1 - https:\/\/yoast.com\/product\/yoast-seo-wordpress\/ -->\n<title>About Us - Arroyo Azul<\/title>\n<meta name=\"robots\" content=\"index, follow, max-snippet:-1, max-image-preview:large, max-video-preview:-1\" \/>\n<link rel=\"canonical\" href=\"https:\/\/aguaarroyoazul.com\/en\/about-us\/\" \/>\n<meta property=\"og:locale\" content=\"en_US\" \/>\n<meta property=\"og:type\" content=\"article\" \/>\n<meta property=\"og:title\" content=\"About Us - Arroyo Azul\" \/>\n<meta property=\"og:description\" content=\"Acerca de Nosotros Agua Arroyo Azul, una orgullosa rama del grupo Laguna Azul S.R.L., es una empresa construida sobre una base de calidad, confianza e innovaci\u00f3n. Aunque nuestro viaje comenz\u00f3 hace m\u00e1s de 20 a\u00f1os en la industria de los gases comprimidos, desde entonces hemos expandido nuestra visi\u00f3n para satisfacer la creciente demanda de agua [&hellip;]\" \/>\n<meta property=\"og:url\" content=\"https:\/\/aguaarroyoazul.com\/en\/about-us\/\" \/>\n<meta property=\"og:site_name\" content=\"Arroyo Azul\" \/>\n<meta property=\"article:modified_time\" content=\"2026-03-09T13:23:22+00:00\" \/>\n<meta property=\"og:image\" content=\"https:\/\/aguaarroyoazul.com\/wp-content\/uploads\/2024\/08\/Mask-group-1-1.png\" \/>\n\t<meta property=\"og:image:width\" content=\"849\" \/>\n\t<meta property=\"og:image:height\" content=\"599\" \/>\n\t<meta property=\"og:image:type\" content=\"image\/png\" \/>\n<meta name=\"twitter:card\" content=\"summary_large_image\" \/>\n<meta name=\"twitter:label1\" content=\"Est. reading time\" \/>\n\t<meta name=\"twitter:data1\" content=\"1 minute\" \/>\n<script type=\"application\/ld+json\" class=\"yoast-schema-graph\">{\"@context\":\"https:\/\/schema.org\",\"@graph\":[{\"@type\":\"WebPage\",\"@id\":\"https:\/\/aguaarroyoazul.com\/about-us\/\",\"url\":\"https:\/\/aguaarroyoazul.com\/about-us\/\",\"name\":\"About Us - Arroyo Azul\",\"isPartOf\":{\"@id\":\"https:\/\/aguaarroyoazul.com\/en\/#website\"},\"primaryImageOfPage\":{\"@id\":\"https:\/\/aguaarroyoazul.com\/about-us\/#primaryimage\"},\"image\":{\"@id\":\"https:\/\/aguaarroyoazul.com\/about-us\/#primaryimage\"},\"thumbnailUrl\":\"https:\/\/aguaarroyoazul.com\/wp-content\/uploads\/2024\/08\/Mask-group-1-1.png\",\"datePublished\":\"2024-08-26T08:14:15+00:00\",\"dateModified\":\"2026-03-09T13:23:22+00:00\",\"breadcrumb\":{\"@id\":\"https:\/\/aguaarroyoazul.com\/about-us\/#breadcrumb\"},\"inLanguage\":\"en-US\",\"potentialAction\":[{\"@type\":\"ReadAction\",\"target\":[\"https:\/\/aguaarroyoazul.com\/about-us\/\"]}]},{\"@type\":\"ImageObject\",\"inLanguage\":\"en-US\",\"@id\":\"https:\/\/aguaarroyoazul.com\/about-us\/#primaryimage\",\"url\":\"https:\/\/aguaarroyoazul.com\/wp-content\/uploads\/2024\/08\/Mask-group-1-1.png\",\"contentUrl\":\"https:\/\/aguaarroyoazul.com\/wp-content\/uploads\/2024\/08\/Mask-group-1-1.png\"},{\"@type\":\"BreadcrumbList\",\"@id\":\"https:\/\/aguaarroyoazul.com\/about-us\/#breadcrumb\",\"itemListElement\":[{\"@type\":\"ListItem\",\"position\":1,\"name\":\"Home\",\"item\":\"https:\/\/aguaarroyoazul.com\/en\/\"},{\"@type\":\"ListItem\",\"position\":2,\"name\":\"About Us\"}]},{\"@type\":\"WebSite\",\"@id\":\"https:\/\/aguaarroyoazul.com\/en\/#website\",\"url\":\"https:\/\/aguaarroyoazul.com\/en\/\",\"name\":\"Arroyo Azul\",\"description\":\"Arroyo Azul\",\"publisher\":{\"@id\":\"https:\/\/aguaarroyoazul.com\/en\/#organization\"},\"potentialAction\":[{\"@type\":\"SearchAction\",\"target\":{\"@type\":\"EntryPoint\",\"urlTemplate\":\"https:\/\/aguaarroyoazul.com\/en\/?s={search_term_string}\"},\"query-input\":{\"@type\":\"PropertyValueSpecification\",\"valueRequired\":true,\"valueName\":\"search_term_string\"}}],\"inLanguage\":\"en-US\"},{\"@type\":\"Organization\",\"@id\":\"https:\/\/aguaarroyoazul.com\/en\/#organization\",\"name\":\"Arroyo Azul\",\"url\":\"https:\/\/aguaarroyoazul.com\/en\/\",\"logo\":{\"@type\":\"ImageObject\",\"inLanguage\":\"en-US\",\"@id\":\"https:\/\/aguaarroyoazul.com\/en\/#\/schema\/logo\/image\/\",\"url\":\"https:\/\/aguaarroyoazul.com\/wp-content\/uploads\/2024\/08\/v2-AGUA-Arroyo-Azul-png.png\",\"contentUrl\":\"https:\/\/aguaarroyoazul.com\/wp-content\/uploads\/2024\/08\/v2-AGUA-Arroyo-Azul-png.png\",\"width\":350,\"height\":92,\"caption\":\"Arroyo Azul\"},\"image\":{\"@id\":\"https:\/\/aguaarroyoazul.com\/en\/#\/schema\/logo\/image\/\"}}]}<\/script>\n<!-- \/ Yoast SEO plugin. -->","yoast_head_json":{"title":"About Us - Arroyo Azul","robots":{"index":"index","follow":"follow","max-snippet":"max-snippet:-1","max-image-preview":"max-image-preview:large","max-video-preview":"max-video-preview:-1"},"canonical":"https:\/\/aguaarroyoazul.com\/en\/about-us\/","og_locale":"en_US","og_type":"article","og_title":"About Us - Arroyo Azul","og_description":"Acerca de Nosotros Agua Arroyo Azul, una orgullosa rama del grupo Laguna Azul S.R.L., es una empresa construida sobre una base de calidad, confianza e innovaci\u00f3n. Aunque nuestro viaje comenz\u00f3 hace m\u00e1s de 20 a\u00f1os en la industria de los gases comprimidos, desde entonces hemos expandido nuestra visi\u00f3n para satisfacer la creciente demanda de agua [&hellip;]","og_url":"https:\/\/aguaarroyoazul.com\/en\/about-us\/","og_site_name":"Arroyo Azul","article_modified_time":"2026-03-09T13:23:22+00:00","og_image":[{"width":849,"height":599,"url":"https:\/\/aguaarroyoazul.com\/wp-content\/uploads\/2024\/08\/Mask-group-1-1.png","type":"image\/png"}],"twitter_card":"summary_large_image","twitter_misc":{"Est. reading time":"1 minute"},"schema":{"@context":"https:\/\/schema.org","@graph":[{"@type":"WebPage","@id":"https:\/\/aguaarroyoazul.com\/about-us\/","url":"https:\/\/aguaarroyoazul.com\/about-us\/","name":"About Us - Arroyo Azul","isPartOf":{"@id":"https:\/\/aguaarroyoazul.com\/en\/#website"},"primaryImageOfPage":{"@id":"https:\/\/aguaarroyoazul.com\/about-us\/#primaryimage"},"image":{"@id":"https:\/\/aguaarroyoazul.com\/about-us\/#primaryimage"},"thumbnailUrl":"https:\/\/aguaarroyoazul.com\/wp-content\/uploads\/2024\/08\/Mask-group-1-1.png","datePublished":"2024-08-26T08:14:15+00:00","dateModified":"2026-03-09T13:23:22+00:00","breadcrumb":{"@id":"https:\/\/aguaarroyoazul.com\/about-us\/#breadcrumb"},"inLanguage":"en-US","potentialAction":[{"@type":"ReadAction","target":["https:\/\/aguaarroyoazul.com\/about-us\/"]}]},{"@type":"ImageObject","inLanguage":"en-US","@id":"https:\/\/aguaarroyoazul.com\/about-us\/#primaryimage","url":"https:\/\/aguaarroyoazul.com\/wp-content\/uploads\/2024\/08\/Mask-group-1-1.png","contentUrl":"https:\/\/aguaarroyoazul.com\/wp-content\/uploads\/2024\/08\/Mask-group-1-1.png"},{"@type":"BreadcrumbList","@id":"https:\/\/aguaarroyoazul.com\/about-us\/#breadcrumb","itemListElement":[{"@type":"ListItem","position":1,"name":"Home","item":"https:\/\/aguaarroyoazul.com\/en\/"},{"@type":"ListItem","position":2,"name":"About Us"}]},{"@type":"WebSite","@id":"https:\/\/aguaarroyoazul.com\/en\/#website","url":"https:\/\/aguaarroyoazul.com\/en\/","name":"Arroyo Azul","description":"Arroyo Azul","publisher":{"@id":"https:\/\/aguaarroyoazul.com\/en\/#organization"},"potentialAction":[{"@type":"SearchAction","target":{"@type":"EntryPoint","urlTemplate":"https:\/\/aguaarroyoazul.com\/en\/?s={search_term_string}"},"query-input":{"@type":"PropertyValueSpecification","valueRequired":true,"valueName":"search_term_string"}}],"inLanguage":"en-US"},{"@type":"Organization","@id":"https:\/\/aguaarroyoazul.com\/en\/#organization","name":"Arroyo Azul","url":"https:\/\/aguaarroyoazul.com\/en\/","logo":{"@type":"ImageObject","inLanguage":"en-US","@id":"https:\/\/aguaarroyoazul.com\/en\/#\/schema\/logo\/image\/","url":"https:\/\/aguaarroyoazul.com\/wp-content\/uploads\/2024\/08\/v2-AGUA-Arroyo-Azul-png.png","contentUrl":"https:\/\/aguaarroyoazul.com\/wp-content\/uploads\/2024\/08\/v2-AGUA-Arroyo-Azul-png.png","width":350,"height":92,"caption":"Arroyo Azul"},"image":{"@id":"https:\/\/aguaarroyoazul.com\/en\/#\/schema\/logo\/image\/"}}]}},"_links":{"self":[{"href":"https:\/\/aguaarroyoazul.com\/en\/wp-json\/wp\/v2\/pages\/216","targetHints":{"allow":["GET"]}}],"collection":[{"href":"https:\/\/aguaarroyoazul.com\/en\/wp-json\/wp\/v2\/pages"}],"about":[{"href":"https:\/\/aguaarroyoazul.com\/en\/wp-json\/wp\/v2\/types\/page"}],"author":[{"embeddable":true,"href":"https:\/\/aguaarroyoazul.com\/en\/wp-json\/wp\/v2\/users\/1"}],"replies":[{"embeddable":true,"href":"https:\/\/aguaarroyoazul.com\/en\/wp-json\/wp\/v2\/comments?post=216"}],"version-history":[{"count":29,"href":"https:\/\/aguaarroyoazul.com\/en\/wp-json\/wp\/v2\/pages\/216\/revisions"}],"predecessor-version":[{"id":1629,"href":"https:\/\/aguaarroyoazul.com\/en\/wp-json\/wp\/v2\/pages\/216\/revisions\/1629"}],"wp:attachment":[{"href":"https:\/\/aguaarroyoazul.com\/en\/wp-json\/wp\/v2\/media?parent=216"}],"curies":[{"name":"wp","href":"https:\/\/api.w.org\/{rel}","templated":true}]}}